{"id":6998,"date":"2025-08-28T09:23:05","date_gmt":"2025-08-28T09:23:05","guid":{"rendered":"https:\/\/leandromacedo2025.pt\/inicio\/?page_id=6998"},"modified":"2025-09-01T20:39:07","modified_gmt":"2025-09-01T20:39:07","slug":"sendim","status":"publish","type":"page","link":"https:\/\/leandromacedo2025.pt\/inicio\/sendim\/","title":{"rendered":"Sendim"},"content":{"rendered":"\t\t<div data-elementor-type=\"wp-page\" data-elementor-id=\"6998\" class=\"elementor elementor-6998\">\n\t\t\t\t\t\t<section class=\"elementor-section elementor-top-section elementor-element elementor-element-7271327 elementor-section-boxed elementor-section-height-default elementor-section-height-default\" data-id=\"7271327\" data-element_type=\"section\">\n\t\t\t\t\t\t<div class=\"elementor-container elementor-column-gap-default\">\n\t\t\t\t\t<div class=\"elementor-column elementor-col-100 elementor-top-column elementor-element elementor-element-dc476af\" data-id=\"dc476af\" data-element_type=\"column\">\n\t\t\t<div class=\"elementor-widget-wrap elementor-element-populated\">\n\t\t\t\t\t\t<div class=\"elementor-element elementor-element-cd68645 animated-slow elementor-invisible elementor-widget elementor-widget-elementskit-heading\" data-id=\"cd68645\" data-element_type=\"widget\" data-settings=\"{&quot;_animation&quot;:&quot;fadeInUp&quot;}\" data-widget_type=\"elementskit-heading.default\">\n\t\t\t\t<div class=\"elementor-widget-container\">\n\t\t\t\t\t<div class=\"ekit-wid-con\" ><div class=\"ekit-heading elementskit-section-title-wraper text_left   ekit_heading_tablet-   ekit_heading_mobile-\"><h2 class=\"elementskit-section-subtitle  \">\n\t\t\t\t\t\tListas PSD\/CDS\n\t\t\t\t\t<\/h2><h3 class=\"ekit-heading--title elementskit-section-title \">Sendim<\/h3><div class=\"ekit_heading_separetor_wraper ekit_heading_elementskit-border-divider elementskit-style-long\"><div class=\"elementskit-border-divider elementskit-style-long\"><\/div><\/div><\/div><\/div>\t\t\t\t<\/div>\n\t\t\t\t<\/div>\n\t\t\t\t<div class=\"elementor-element elementor-element-7b905e6 elementor-widget__width-auto elementor-absolute elementor-hidden-tablet elementor-hidden-phone elementor-widget elementor-widget-elementskit-heading\" data-id=\"7b905e6\" data-element_type=\"widget\" data-settings=\"{&quot;_position&quot;:&quot;absolute&quot;}\" data-widget_type=\"elementskit-heading.default\">\n\t\t\t\t<div class=\"elementor-widget-container\">\n\t\t\t\t\t<div class=\"ekit-wid-con\" ><div class=\"ekit-heading elementskit-section-title-wraper text_left   ekit_heading_tablet-   ekit_heading_mobile-\"><h2 class=\"ekit-heading--title elementskit-section-title \">semdim<\/h2><\/div><\/div>\t\t\t\t<\/div>\n\t\t\t\t<\/div>\n\t\t\t\t\t<\/div>\n\t\t<\/div>\n\t\t\t\t\t<\/div>\n\t\t<\/section>\n\t\t\t\t<section class=\"elementor-section elementor-top-section elementor-element elementor-element-d0cdb1a elementor-section-boxed elementor-section-height-default elementor-section-height-default\" data-id=\"d0cdb1a\" data-element_type=\"section\">\n\t\t\t\t\t\t<div class=\"elementor-container elementor-column-gap-default\">\n\t\t\t\t\t<div class=\"elementor-column elementor-col-25 elementor-top-column elementor-element elementor-element-2940dab\" data-id=\"2940dab\" data-element_type=\"column\">\n\t\t\t<div class=\"elementor-widget-wrap elementor-element-populated\">\n\t\t\t\t\t\t<div class=\"elementor-element elementor-element-5981c14 elementor-widget elementor-widget-elementskit-team\" data-id=\"5981c14\" data-element_type=\"widget\" data-widget_type=\"elementskit-team.default\">\n\t\t\t\t<div class=\"elementor-widget-container\">\n\t\t\t\t\t<div class=\"ekit-wid-con\">\t\t\t\t\t\t\t\t\n\t\t<div class=\"profile-card elementor-animation- text-center ekit-team-style-default\">\n\t\t\t\t\t\t\n\t\t\t\t<div class=\"profile-header ekit-team-img ekit-img-overlay ekit-team-img-block\" >\n\t\t\t\t\t<img fetchpriority=\"high\" decoding=\"async\" width=\"1042\" height=\"1500\" src=\"https:\/\/leandromacedo2025.pt\/inicio\/wp-content\/uploads\/2025\/08\/sendim1-01.jpg\" class=\"attachment-full size-full wp-image-7104\" alt=\"\" srcset=\"https:\/\/leandromacedo2025.pt\/inicio\/wp-content\/uploads\/2025\/08\/sendim1-01.jpg 1042w, https:\/\/leandromacedo2025.pt\/inicio\/wp-content\/uploads\/2025\/08\/sendim1-01-208x300.jpg 208w, https:\/\/leandromacedo2025.pt\/inicio\/wp-content\/uploads\/2025\/08\/sendim1-01-711x1024.jpg 711w, https:\/\/leandromacedo2025.pt\/inicio\/wp-content\/uploads\/2025\/08\/sendim1-01-768x1106.jpg 768w\" sizes=\"(max-width: 1042px) 100vw, 1042px\" \/>\t\t\t\t<\/div><!-- .profile-header END -->\n\t\t\t\t\t\t\n\n\t\t\t\t<div class=\"profile-body\">\n\t\t\t\t\t\n\t\t\t\t\t<h2 class=\"profile-title\">\n\t\t\t\t\t\t\t\t\t\t\tS\u00e9rigo Rodrigues\t\t\t\t\t\t\t\t\t\t<\/h2>\n\t\t\t\t\t<p class=\"profile-designation\"><\/p>\n\t\t\t\t\t\t\t\t\t<\/div><!-- .profile-body END -->\n\n\t\t\t\t\t\t\t\t<\/div>\n\t\t\t\t\t\t\t\n\t\t\t\n\t\t\t\t<\/div>\t\t\t\t<\/div>\n\t\t\t\t<\/div>\n\t\t\t\t\t<\/div>\n\t\t<\/div>\n\t\t\t\t<div class=\"elementor-column elementor-col-25 elementor-top-column elementor-element elementor-element-2d601ab\" data-id=\"2d601ab\" data-element_type=\"column\">\n\t\t\t<div class=\"elementor-widget-wrap elementor-element-populated\">\n\t\t\t\t\t\t<div class=\"elementor-element elementor-element-d06ded4 elementor-widget elementor-widget-elementskit-team\" data-id=\"d06ded4\" data-element_type=\"widget\" data-widget_type=\"elementskit-team.default\">\n\t\t\t\t<div class=\"elementor-widget-container\">\n\t\t\t\t\t<div class=\"ekit-wid-con\">\t\t\t\t\t\t\t\t\n\t\t<div class=\"profile-card elementor-animation- text-center ekit-team-style-default\">\n\t\t\t\t\t\t\n\t\t\t\t<div class=\"profile-header ekit-team-img ekit-img-overlay ekit-team-img-block\" >\n\t\t\t\t\t<img decoding=\"async\" width=\"1042\" height=\"1500\" src=\"https:\/\/leandromacedo2025.pt\/inicio\/wp-content\/uploads\/2025\/08\/sendim2-01.jpg\" class=\"attachment-full size-full wp-image-7105\" alt=\"\" srcset=\"https:\/\/leandromacedo2025.pt\/inicio\/wp-content\/uploads\/2025\/08\/sendim2-01.jpg 1042w, https:\/\/leandromacedo2025.pt\/inicio\/wp-content\/uploads\/2025\/08\/sendim2-01-208x300.jpg 208w, https:\/\/leandromacedo2025.pt\/inicio\/wp-content\/uploads\/2025\/08\/sendim2-01-711x1024.jpg 711w, https:\/\/leandromacedo2025.pt\/inicio\/wp-content\/uploads\/2025\/08\/sendim2-01-768x1106.jpg 768w\" sizes=\"(max-width: 1042px) 100vw, 1042px\" \/>\t\t\t\t<\/div><!-- .profile-header END -->\n\t\t\t\t\t\t\n\n\t\t\t\t<div class=\"profile-body\">\n\t\t\t\t\t\n\t\t\t\t\t<h2 class=\"profile-title\">\n\t\t\t\t\t\t\t\t\t\t\tJo\u00e3o de Oliveira\t\t\t\t\t\t\t\t\t\t<\/h2>\n\t\t\t\t\t<p class=\"profile-designation\"><\/p>\n\t\t\t\t\t\t\t\t\t<\/div><!-- .profile-body END -->\n\n\t\t\t\t\t\t\t\t<\/div>\n\t\t\t\t\t\t\t\n\t\t\t\n\t\t\t\t<\/div>\t\t\t\t<\/div>\n\t\t\t\t<\/div>\n\t\t\t\t\t<\/div>\n\t\t<\/div>\n\t\t\t\t<div class=\"elementor-column elementor-col-25 elementor-top-column elementor-element elementor-element-6111d13\" data-id=\"6111d13\" data-element_type=\"column\">\n\t\t\t<div class=\"elementor-widget-wrap elementor-element-populated\">\n\t\t\t\t\t\t<div class=\"elementor-element elementor-element-7b297f9 elementor-widget elementor-widget-elementskit-team\" data-id=\"7b297f9\" data-element_type=\"widget\" data-widget_type=\"elementskit-team.default\">\n\t\t\t\t<div class=\"elementor-widget-container\">\n\t\t\t\t\t<div class=\"ekit-wid-con\">\t\t\t\t\t\t\t\t\n\t\t<div class=\"profile-card elementor-animation- text-center ekit-team-style-default\">\n\t\t\t\t\t\t\n\t\t\t\t<div class=\"profile-header ekit-team-img ekit-img-overlay ekit-team-img-block\" >\n\t\t\t\t\t<img decoding=\"async\" width=\"1042\" height=\"1500\" src=\"https:\/\/leandromacedo2025.pt\/inicio\/wp-content\/uploads\/2025\/08\/sendim3-01.jpg\" class=\"attachment-full size-full wp-image-7106\" alt=\"\" srcset=\"https:\/\/leandromacedo2025.pt\/inicio\/wp-content\/uploads\/2025\/08\/sendim3-01.jpg 1042w, https:\/\/leandromacedo2025.pt\/inicio\/wp-content\/uploads\/2025\/08\/sendim3-01-208x300.jpg 208w, https:\/\/leandromacedo2025.pt\/inicio\/wp-content\/uploads\/2025\/08\/sendim3-01-711x1024.jpg 711w, https:\/\/leandromacedo2025.pt\/inicio\/wp-content\/uploads\/2025\/08\/sendim3-01-768x1106.jpg 768w\" sizes=\"(max-width: 1042px) 100vw, 1042px\" \/>\t\t\t\t<\/div><!-- .profile-header END -->\n\t\t\t\t\t\t\n\n\t\t\t\t<div class=\"profile-body\">\n\t\t\t\t\t\n\t\t\t\t\t<h2 class=\"profile-title\">\n\t\t\t\t\t\t\t\t\t\t\tConcei\u00e7\u00e3o Cabral\t\t\t\t\t\t\t\t\t\t<\/h2>\n\t\t\t\t\t<p class=\"profile-designation\"><\/p>\n\t\t\t\t\t\t\t\t\t<\/div><!-- .profile-body END -->\n\n\t\t\t\t\t\t\t\t<\/div>\n\t\t\t\t\t\t\t\n\t\t\t\n\t\t\t\t<\/div>\t\t\t\t<\/div>\n\t\t\t\t<\/div>\n\t\t\t\t\t<\/div>\n\t\t<\/div>\n\t\t\t\t<div class=\"elementor-column elementor-col-25 elementor-top-column elementor-element elementor-element-68f7a4e\" data-id=\"68f7a4e\" data-element_type=\"column\">\n\t\t\t<div class=\"elementor-widget-wrap elementor-element-populated\">\n\t\t\t\t\t\t<div class=\"elementor-element elementor-element-de7ab27 elementor-widget elementor-widget-elementskit-team\" data-id=\"de7ab27\" data-element_type=\"widget\" data-widget_type=\"elementskit-team.default\">\n\t\t\t\t<div class=\"elementor-widget-container\">\n\t\t\t\t\t<div class=\"ekit-wid-con\">\t\t\t\t\t\t\t\t\n\t\t<div class=\"profile-card elementor-animation- text-center ekit-team-style-default\">\n\t\t\t\t\t\t\n\t\t\t\t<div class=\"profile-header ekit-team-img ekit-img-overlay ekit-team-img-block\" >\n\t\t\t\t\t<img loading=\"lazy\" decoding=\"async\" width=\"1042\" height=\"1500\" src=\"https:\/\/leandromacedo2025.pt\/inicio\/wp-content\/uploads\/2025\/09\/sendim4-01.jpg\" class=\"attachment-full size-full wp-image-7167\" alt=\"\" srcset=\"https:\/\/leandromacedo2025.pt\/inicio\/wp-content\/uploads\/2025\/09\/sendim4-01.jpg 1042w, https:\/\/leandromacedo2025.pt\/inicio\/wp-content\/uploads\/2025\/09\/sendim4-01-208x300.jpg 208w, https:\/\/leandromacedo2025.pt\/inicio\/wp-content\/uploads\/2025\/09\/sendim4-01-711x1024.jpg 711w, https:\/\/leandromacedo2025.pt\/inicio\/wp-content\/uploads\/2025\/09\/sendim4-01-768x1106.jpg 768w\" sizes=\"(max-width: 1042px) 100vw, 1042px\" \/>\t\t\t\t<\/div><!-- .profile-header END -->\n\t\t\t\t\t\t\n\n\t\t\t\t<div class=\"profile-body\">\n\t\t\t\t\t\n\t\t\t\t\t<h2 class=\"profile-title\">\n\t\t\t\t\t\t\t\t\t\t\tAna Trindade\t\t\t\t\t\t\t\t\t\t<\/h2>\n\t\t\t\t\t<p class=\"profile-designation\"><\/p>\n\t\t\t\t\t\t\t\t\t<\/div><!-- .profile-body END -->\n\n\t\t\t\t\t\t\t\t<\/div>\n\t\t\t\t\t\t\t\n\t\t\t\n\t\t\t\t<\/div>\t\t\t\t<\/div>\n\t\t\t\t<\/div>\n\t\t\t\t\t<\/div>\n\t\t<\/div>\n\t\t\t\t\t<\/div>\n\t\t<\/section>\n\t\t\t\t<section class=\"elementor-section elementor-top-section elementor-element elementor-element-d0536d4 elementor-section-boxed elementor-section-height-default elementor-section-height-default\" data-id=\"d0536d4\" data-element_type=\"section\">\n\t\t\t\t\t\t<div class=\"elementor-container elementor-column-gap-default\">\n\t\t\t\t\t<div class=\"elementor-column elementor-col-50 elementor-top-column elementor-element elementor-element-03a6915\" data-id=\"03a6915\" data-element_type=\"column\">\n\t\t\t<div class=\"elementor-widget-wrap elementor-element-populated\">\n\t\t\t\t\t\t<div class=\"elementor-element elementor-element-1704e79 elementor-widget elementor-widget-text-editor\" data-id=\"1704e79\" data-element_type=\"widget\" data-widget_type=\"text-editor.default\">\n\t\t\t\t<div class=\"elementor-widget-container\">\n\t\t\t\t\t\t\t\t\t<p><span style=\"font-weight: bolder;\">n\u00ba5 &#8211;<\/span>\u00a0<span style=\"color: var( --e-global-color-text ); font-family: var( --e-global-typography-text-font-family ), Sans-serif; font-weight: var( --e-global-typography-text-font-weight );\">Ant\u00f3nio Jorge de Matos<\/span><\/p><p><span style=\"font-weight: bolder;\">n\u00ba6 &#8211;<\/span>\u00a0<span style=\"color: var( --e-global-color-text ); font-family: var( --e-global-typography-text-font-family ), Sans-serif; font-weight: var( --e-global-typography-text-font-weight );\">Aida Maria dos Santos Gomes Penela<\/span><\/p><p><span style=\"font-weight: bolder;\">n\u00ba7 &#8211;<\/span>\u00a0<span style=\"color: var( --e-global-color-text ); font-family: var( --e-global-typography-text-font-family ), Sans-serif; font-weight: var( --e-global-typography-text-font-weight );\">Carlos Manuel Matos dos Santos<\/span><\/p><p><span style=\"color: var( --e-global-color-text ); font-family: var( --e-global-typography-text-font-family ), Sans-serif; font-weight: bolder;\">n\u00ba8 &#8211;\u00a0<\/span><span style=\"color: var( --e-global-color-text ); font-family: var( --e-global-typography-text-font-family ), Sans-serif; font-weight: var( --e-global-typography-text-font-weight );\">Jos\u00e9 Rebelo dos Santos<\/span><\/p><p><span style=\"color: var( --e-global-color-text ); font-family: var( --e-global-typography-text-font-family ), Sans-serif; font-weight: bolder;\">n\u00ba9 &#8211;\u00a0<\/span><span style=\"color: var( --e-global-color-text ); font-family: var( --e-global-typography-text-font-family ), Sans-serif; font-weight: var( --e-global-typography-text-font-weight );\">Eliana Maria da Silva<\/span><\/p>\t\t\t\t\t\t\t\t<\/div>\n\t\t\t\t<\/div>\n\t\t\t\t\t<\/div>\n\t\t<\/div>\n\t\t\t\t<div class=\"elementor-column elementor-col-50 elementor-top-column elementor-element elementor-element-d9ceee1\" data-id=\"d9ceee1\" data-element_type=\"column\">\n\t\t\t<div class=\"elementor-widget-wrap elementor-element-populated\">\n\t\t\t\t\t\t<div class=\"elementor-element elementor-element-196007a elementor-widget elementor-widget-text-editor\" data-id=\"196007a\" data-element_type=\"widget\" data-widget_type=\"text-editor.default\">\n\t\t\t\t<div class=\"elementor-widget-container\">\n\t\t\t\t\t\t\t\t\t<p><span style=\"font-weight: bolder;\">n\u00ba10 &#8211;<\/span>\u00a0<span style=\"color: var( --e-global-color-text ); font-family: var( --e-global-typography-text-font-family ), Sans-serif; font-weight: var( --e-global-typography-text-font-weight );\">Rute Janete Falc\u00e3o Matos<\/span><\/p><p><span style=\"font-weight: bolder;\">n\u00ba11 &#8211;<\/span>\u00a0<span style=\"color: var( --e-global-color-text ); font-family: var( --e-global-typography-text-font-family ), Sans-serif; font-weight: var( --e-global-typography-text-font-weight );\">Jorge Manuel Silva Carvalho<\/span><\/p><p><span style=\"font-weight: bolder;\">n\u00ba12 &#8211;<\/span>\u00a0<span style=\"color: var( --e-global-color-text ); font-family: var( --e-global-typography-text-font-family ), Sans-serif; font-weight: var( --e-global-typography-text-font-weight );\">Maria Isabel Soeiro dos Santos<\/span><\/p><p><span style=\"color: var( --e-global-color-text ); font-family: var( --e-global-typography-text-font-family ), Sans-serif; font-weight: bolder;\">n\u00ba13 &#8211;\u00a0<\/span><span style=\"color: var( --e-global-color-text ); font-family: var( --e-global-typography-text-font-family ), Sans-serif; font-weight: var( --e-global-typography-text-font-weight );\">Lu\u00eds Filipe Gomes de Oliveira<\/span><\/p><p><span style=\"color: var( --e-global-color-text ); font-family: var( --e-global-typography-text-font-family ), Sans-serif; font-weight: bolder;\">n\u00ba14 &#8211; <\/span><span style=\"color: var( --e-global-color-text ); font-family: var( --e-global-typography-text-font-family ), Sans-serif; font-weight: var( --e-global-typography-text-font-weight );\">Maria da Concei\u00e7\u00e3o Oliveira Santos<\/span><\/p>\t\t\t\t\t\t\t\t<\/div>\n\t\t\t\t<\/div>\n\t\t\t\t\t<\/div>\n\t\t<\/div>\n\t\t\t\t\t<\/div>\n\t\t<\/section>\n\t\t\t\t<\/div>\n\t\t\n    <div class=\"xs_social_share_widget xs_share_url after_content \t\tmain_content  wslu-style-1 wslu-share-box-shaped wslu-fill-colored wslu-none wslu-share-horizontal wslu-theme-font-no wslu-main_content\">\n\n\t\t\n        <ul>\n\t\t\t        <\/ul>\n    <\/div> \n","protected":false},"excerpt":{"rendered":"<p>Listas PSD\/CDS Sendim semdim S\u00e9rigo Rodrigues Jo\u00e3o de Oliveira Concei\u00e7\u00e3o Cabral Ana Trindade n\u00ba5 &#8211;\u00a0Ant\u00f3nio Jorge de Matos n\u00ba6 &#8211;\u00a0Aida Maria dos Santos Gomes Penela n\u00ba7 &#8211;\u00a0Carlos Manuel Matos dos Santos n\u00ba8 &#8211;\u00a0Jos\u00e9 Rebelo dos Santos n\u00ba9 &#8211;\u00a0Eliana Maria da Silva n\u00ba10 &#8211;\u00a0Rute Janete Falc\u00e3o Matos n\u00ba11 &#8211;\u00a0Jorge Manuel Silva Carvalho n\u00ba12 &#8211;\u00a0Maria Isabel Soeiro [&hellip;]<\/p>\n","protected":false},"author":1,"featured_media":0,"parent":0,"menu_order":0,"comment_status":"closed","ping_status":"closed","template":"template\/full-width-template.php","meta":{"footnotes":""},"class_list":["post-6998","page","type-page","status-publish","hentry"],"_links":{"self":[{"href":"https:\/\/leandromacedo2025.pt\/inicio\/wp-json\/wp\/v2\/pages\/6998","targetHints":{"allow":["GET"]}}],"collection":[{"href":"https:\/\/leandromacedo2025.pt\/inicio\/wp-json\/wp\/v2\/pages"}],"about":[{"href":"https:\/\/leandromacedo2025.pt\/inicio\/wp-json\/wp\/v2\/types\/page"}],"author":[{"embeddable":true,"href":"https:\/\/leandromacedo2025.pt\/inicio\/wp-json\/wp\/v2\/users\/1"}],"replies":[{"embeddable":true,"href":"https:\/\/leandromacedo2025.pt\/inicio\/wp-json\/wp\/v2\/comments?post=6998"}],"version-history":[{"count":13,"href":"https:\/\/leandromacedo2025.pt\/inicio\/wp-json\/wp\/v2\/pages\/6998\/revisions"}],"predecessor-version":[{"id":7180,"href":"https:\/\/leandromacedo2025.pt\/inicio\/wp-json\/wp\/v2\/pages\/6998\/revisions\/7180"}],"wp:attachment":[{"href":"https:\/\/leandromacedo2025.pt\/inicio\/wp-json\/wp\/v2\/media?parent=6998"}],"curies":[{"name":"wp","href":"https:\/\/api.w.org\/{rel}","templated":true}]}}